{"id":829,"date":"2020-05-22T21:35:09","date_gmt":"2020-05-22T21:35:09","guid":{"rendered":"https:\/\/www.karasite.com\/?page_id=829"},"modified":"2020-05-26T00:15:37","modified_gmt":"2020-05-26T00:15:37","slug":"edip-cansever","status":"publish","type":"page","link":"https:\/\/www.karasite.com\/index.php\/edip-cansever\/","title":{"rendered":"ED\u0130P CANSEVER"},"content":{"rendered":"\n<p><\/p>\n\n\n\n<div class=\"wp-block-group\"><div class=\"wp-block-group__inner-container is-layout-flow wp-block-group-is-layout-flow\">\n<figure class=\"wp-block-image size-large is-resized\"><img loading=\"lazy\" decoding=\"async\" src=\"https:\/\/www.karasite.com\/wp-content\/uploads\/2020\/05\/edip-cansever-2.jpg\" alt=\"\" class=\"wp-image-830\" width=\"228\" height=\"310\" srcset=\"https:\/\/www.karasite.com\/wp-content\/uploads\/2020\/05\/edip-cansever-2.jpg 540w, https:\/\/www.karasite.com\/wp-content\/uploads\/2020\/05\/edip-cansever-2-221x300.jpg 221w\" sizes=\"auto, (max-width: 228px) 100vw, 228px\" \/><figcaption>8 A\u011fustos 1928\u201328 May\u0131s 1986<\/figcaption><\/figure>\n<\/div><\/div>\n\n\n\n<pre class=\"wp-block-preformatted\"><ul class=\"display-posts-listing\"><li class=\"listing-item\"><a class=\"title\" href=\"https:\/\/www.karasite.com\/index.php\/2020\/05\/22\/mendilimde-kan-sesleri\/\">MEND\u0130L\u0130MDE KAN SESLER\u0130<\/a><\/li><\/ul><\/pre>\n\n\n\n<p><\/p>\n","protected":false},"excerpt":{"rendered":"<p>8 A\u011fustos 1928\u201328 May\u0131s 1986<\/p>\n","protected":false},"author":1,"featured_media":0,"parent":0,"menu_order":0,"comment_status":"closed","ping_status":"closed","template":"","meta":{"footnotes":""},"class_list":["post-829","page","type-page","status-publish","hentry"],"_links":{"self":[{"href":"https:\/\/www.karasite.com\/index.php\/wp-json\/wp\/v2\/pages\/829","targetHints":{"allow":["GET"]}}],"collection":[{"href":"https:\/\/www.karasite.com\/index.php\/wp-json\/wp\/v2\/pages"}],"about":[{"href":"https:\/\/www.karasite.com\/index.php\/wp-json\/wp\/v2\/types\/page"}],"author":[{"embeddable":true,"href":"https:\/\/www.karasite.com\/index.php\/wp-json\/wp\/v2\/users\/1"}],"replies":[{"embeddable":true,"href":"https:\/\/www.karasite.com\/index.php\/wp-json\/wp\/v2\/comments?post=829"}],"version-history":[{"count":8,"href":"https:\/\/www.karasite.com\/index.php\/wp-json\/wp\/v2\/pages\/829\/revisions"}],"predecessor-version":[{"id":850,"href":"https:\/\/www.karasite.com\/index.php\/wp-json\/wp\/v2\/pages\/829\/revisions\/850"}],"wp:attachment":[{"href":"https:\/\/www.karasite.com\/index.php\/wp-json\/wp\/v2\/media?parent=829"}],"curies":[{"name":"wp","href":"https:\/\/api.w.org\/{rel}","templated":true}]}}