{"id":17,"date":"2012-09-06T20:09:55","date_gmt":"2012-09-06T20:09:55","guid":{"rendered":"http:\/\/www.karasite.com\/blog\/?page_id=2"},"modified":"2020-05-21T13:49:41","modified_gmt":"2020-05-21T13:49:41","slug":"kara-site","status":"publish","type":"page","link":"https:\/\/www.karasite.com\/","title":{"rendered":"KARA S\u0130TE"},"content":{"rendered":"<blockquote>\n<p style=\"text-align: left;\">&#8220;Biz canl\u0131lar\u0131n cehennemi gelecekte varolacak bir \u015fey di\u011fil, e\u011fer bir cehennem varsa burada, \u00e7oktan aram\u0131zda; her g\u00fcn i\u00e7inde ya\u015fad\u0131\u011f\u0131m\u0131z, birlikte, yanyana durarak yaratt\u0131\u011f\u0131m\u0131z cehennem. \u0130ki yolu var ac\u0131 \u00e7ekmemenin: Birincisi pek \u00e7ok ki\u015fiye kolay gelir: cehennemi kabullenmek ve g\u00f6rmeyecek kadar onunla b\u00fct\u00fcnle\u015fmek. \u0130kinci yol riskli; s\u00fcrekli bir dikkat ve e\u011fitim istiyor; cehennemin ortas\u0131nda cehennem olmayan kim ve ne var, onu aramak ve buldu\u011funda tan\u0131may\u0131 bilmek, onu ya\u015fatmak, ona f\u0131rsat vermek.&#8221; (Italo Calvino \/ &#8220;G\u00f6r\u00fcnmez Kentler&#8221; )<\/p>\n<\/blockquote>\n<p>66. SONE<img loading=\"lazy\" decoding=\"async\" class=\"size-medium alignleft\" src=\"https:\/\/www.karasite.com\/wp-content\/uploads\/2012\/09\/Can+Ycel+can-e1353604047348.jpg\" width=\"250\" height=\"313\" \/><br \/>\nVazge\u00e7tim bu d\u00fcnyadan tek \u00f6l\u00fcm paklar beni,<br \/>\nDe\u011fmez bu yang\u0131n yeri, avu\u00e7 a\u00e7maya de\u011fmez.<br \/>\nDe\u011fil mi ki \u00e7i\u011fnenmi\u015f inanc\u0131n en se\u00e7kini,<br \/>\nDe\u011fil mi ki yoksullar mutluluktan habersiz,<br \/>\nDe\u011fil mi ki ayaklar alt\u0131nda insan onuru,<br \/>\nO k\u0131zo\u011flan k\u0131z erdem da\u011flara kald\u0131r\u0131lm\u0131\u015f,<br \/>\nEzilmi\u015f, hor g\u00f6r\u00fclm\u00fc\u015f el eme\u011fi, g\u00f6z nuru,<br \/>\n\u00d6dlekler ge\u00e7mi\u015f ba\u015fa, derken mertlik bozulmu\u015f,<br \/>\nDe\u011fil mi ki korkudan dili ba\u011fl\u0131 sanat\u0131n,<br \/>\nDe\u011fil mi ki \u00e7\u0131lg\u0131nl\u0131k sahip \u00e7\u0131km\u0131\u015f d\u00fczene,<br \/>\nDo\u011fruya do\u011fru derken e\u011friye \u00e7\u0131km\u0131\u015f ad\u0131n,<br \/>\nDe\u011fil mi ki k\u00f6t\u00fcler kad\u0131 olmu\u015f Yemen&#8217; e<br \/>\nVazge\u00e7tim bu d\u00fcnyadan, d\u00fcnyamdan ge\u00e7tim ama,<br \/>\nSeni yaln\u0131z komak var ya, o koyuyor adama.<\/p>\n<p>William Shakespeare<br \/>\n\u00c7eviren: Can Y\u00fccel<\/p>\n","protected":false},"excerpt":{"rendered":"<p>&#8220;Biz canl\u0131lar\u0131n cehennemi gelecekte varolacak bir \u015fey di\u011fil, e\u011fer bir cehennem varsa burada, \u00e7oktan aram\u0131zda; her g\u00fcn i\u00e7inde ya\u015fad\u0131\u011f\u0131m\u0131z, birlikte, yanyana durarak yaratt\u0131\u011f\u0131m\u0131z cehennem. \u0130ki yolu var ac\u0131 \u00e7ekmemenin: Birincisi pek \u00e7ok ki\u015fiye kolay gelir: cehennemi kabullenmek ve g\u00f6rmeyecek kadar onunla b\u00fct\u00fcnle\u015fmek. \u0130kinci yol riskli; s\u00fcrekli bir dikkat ve e\u011fitim istiyor; cehennemin ortas\u0131nda cehennem olmayan [&hellip;]<\/p>\n","protected":false},"author":1,"featured_media":0,"parent":0,"menu_order":0,"comment_status":"closed","ping_status":"closed","template":"","meta":{"footnotes":""},"class_list":["post-17","page","type-page","status-publish","hentry"],"_links":{"self":[{"href":"https:\/\/www.karasite.com\/index.php\/wp-json\/wp\/v2\/pages\/17","targetHints":{"allow":["GET"]}}],"collection":[{"href":"https:\/\/www.karasite.com\/index.php\/wp-json\/wp\/v2\/pages"}],"about":[{"href":"https:\/\/www.karasite.com\/index.php\/wp-json\/wp\/v2\/types\/page"}],"author":[{"embeddable":true,"href":"https:\/\/www.karasite.com\/index.php\/wp-json\/wp\/v2\/users\/1"}],"replies":[{"embeddable":true,"href":"https:\/\/www.karasite.com\/index.php\/wp-json\/wp\/v2\/comments?post=17"}],"version-history":[{"count":1,"href":"https:\/\/www.karasite.com\/index.php\/wp-json\/wp\/v2\/pages\/17\/revisions"}],"predecessor-version":[{"id":609,"href":"https:\/\/www.karasite.com\/index.php\/wp-json\/wp\/v2\/pages\/17\/revisions\/609"}],"wp:attachment":[{"href":"https:\/\/www.karasite.com\/index.php\/wp-json\/wp\/v2\/media?parent=17"}],"curies":[{"name":"wp","href":"https:\/\/api.w.org\/{rel}","templated":true}]}}